{"id":49,"date":"2020-08-26T05:50:26","date_gmt":"2020-08-26T05:50:26","guid":{"rendered":"https:\/\/www.devsnews.com\/wp\/bildpress\/?page_id=49"},"modified":"2024-08-14T17:44:31","modified_gmt":"2024-08-14T20:44:31","slug":"quienes-somos","status":"publish","type":"page","link":"https:\/\/www.mundomaquinasltda.cl\/?page_id=49","title":{"rendered":"Quienes Somos"},"content":{"rendered":"\t\t<div data-elementor-type=\"wp-page\" data-elementor-id=\"49\" class=\"elementor elementor-49\" data-elementor-post-type=\"page\">\n\t\t\t\t\t\t<section class=\"elementor-section elementor-top-section elementor-element elementor-element-cd07ce1 elementor-section-boxed elementor-section-height-default elementor-section-height-default\" data-id=\"cd07ce1\" data-element_type=\"section\">\n\t\t\t\t\t\t<div class=\"elementor-container elementor-column-gap-default\">\n\t\t\t\t\t<div class=\"elementor-column elementor-col-100 elementor-top-column elementor-element elementor-element-e5acf13\" data-id=\"e5acf13\" data-element_type=\"column\">\n\t\t\t<div class=\"elementor-widget-wrap elementor-element-populated\">\n\t\t\t\t\t\t<div class=\"elementor-element elementor-element-fd0e6da elementor-widget elementor-widget-heading bdevs-el heading\" data-id=\"fd0e6da\" data-element_type=\"widget\" data-settings=\"{&quot;design_style&quot;:&quot;style_2&quot;}\" data-widget_type=\"heading.default\">\n\t\t\t\t<div class=\"elementor-widget-container\">\n\t\t\t<style>\/*! elementor - v3.23.0 - 05-08-2024 *\/\n.elementor-heading-title{padding:0;margin:0;line-height:1}.elementor-widget-heading .elementor-heading-title[class*=elementor-size-]>a{color:inherit;font-size:inherit;line-height:inherit}.elementor-widget-heading .elementor-heading-title.elementor-size-small{font-size:15px}.elementor-widget-heading .elementor-heading-title.elementor-size-medium{font-size:19px}.elementor-widget-heading .elementor-heading-title.elementor-size-large{font-size:29px}.elementor-widget-heading .elementor-heading-title.elementor-size-xl{font-size:39px}.elementor-widget-heading .elementor-heading-title.elementor-size-xxl{font-size:59px}<\/style>\r\n                    <div class=\"section_title_area position-relative pt-120 bdevs-el-content\">\r\n                <div class=\"container\">\r\n                    <div class=\"row mb-80\">\r\n                        <div class=\"col-lg-6\">\r\n                            <div class=\"about1__title-left\">\r\n                                <div class=\"title_style1 text-right\">\r\n                                                                            <h5 class=\"sub-title bdevs-el-subtitle\">Quienes Somos<\/h5>\r\n                                    \r\n                                    <h2 class=\"section-title bdevs-el-title\">Dependiendo de tu necesidad<\/h2>                                <\/div>\r\n                            <\/div>\r\n                        <\/div>\r\n                                                    <div class=\"col-lg-6\">\r\n                                <div class=\"about1__title-right\">\r\n                                    <p>Contamos con un servicio especializado y oportuno en el rubro de envasado, sellado de bolsas y sacos hasta la automatizaci\u00f3n de l\u00edneas de envasado, ofreciendo a clientes de la regi\u00f3n servicios con procesos de alta eficiencia operacional y excelencia en la calidad, innovando en cada uno de ellos.<\/p>\r\n                                <\/div>\r\n                            <\/div>\r\n                                            <\/div>\r\n                <\/div>\r\n            <\/div>\r\n\r\n        \r\n\t\t<\/div>\n\t\t\t\t<\/div>\n\t\t\t\t\t<\/div>\n\t\t<\/div>\n\t\t\t\t\t<\/div>\n\t\t<\/section>\n\t\t\t\t<section class=\"elementor-section elementor-top-section elementor-element elementor-element-4f2577f elementor-section-full_width elementor-section-height-default elementor-section-height-default\" data-id=\"4f2577f\" data-element_type=\"section\" data-settings=\"{&quot;background_background&quot;:&quot;classic&quot;}\">\n\t\t\t\t\t\t<div class=\"elementor-container elementor-column-gap-no\">\n\t\t\t\t\t<div class=\"elementor-column elementor-col-100 elementor-top-column elementor-element elementor-element-b6181b6\" data-id=\"b6181b6\" data-element_type=\"column\">\n\t\t\t<div class=\"elementor-widget-wrap elementor-element-populated\">\n\t\t\t\t\t\t<div class=\"elementor-element elementor-element-159df5d elementor-widget elementor-widget-featured_list bdevs-el featured_list\" data-id=\"159df5d\" data-element_type=\"widget\" data-settings=\"{&quot;design_style&quot;:&quot;style_1&quot;}\" data-widget_type=\"featured_list.default\">\n\t\t\t\t<div class=\"elementor-widget-container\">\n\t\t\t\r\n        \r\n        <section class=\"features1\">\r\n            <div class=\"features1__wrapper position-relative\">\r\n                                <h2 class=\"text-border-title1 features1-style\"><\/h2>\r\n                                <div class=\"content_box_120\">\r\n                    <div class=\"container\">\r\n                        <div class=\"row\">\r\n                            <div class=\"col-xl-6 col-lg-7\">\r\n                                <div class=\"title_style1 bdevs-el-subtitle\">\r\n                                                                            <h5 class=\"sub-title bdevs-el-subtitle\">Principales Servicios<\/h5>\r\n                                    \r\n                                    <h2 class=\"title bdevs-el-title\">Servicios porque nos eligen<\/h2>                                <\/div>\r\n                                <div class=\"features1__content mt-45\">\r\n                                                                        <div class=\"features1__item mb-40\">\r\n                                        <div class=\"features1__thumb\">\r\n                                                                                        <img decoding=\"async\" src=\"https:\/\/www.mundomaquinasltda.cl\/wp-content\/uploads\/2020\/10\/png-icon-05.png\" alt=\"png-bg\">\r\n                                                                                        \r\n                                                                                        <figure>\r\n                                                <i aria-hidden=\"true\" class=\" flaticon-worker\"><\/i>                                            <\/figure>\r\n                                             \r\n\r\n                                        <\/div>\r\n                                        <div class=\"features1__item--text bdevs-el-content\">\r\n                                                                                        <h4 class=\"title bdevs-el-list-item-title\">Servicio t\u00e9cnico especializado<\/h4>\r\n                                            \r\n                                                                                        <p>De cosedoras de sacos, selladoras y ensacadoras a terreno.<\/p>\r\n                                                                                    <\/div>\r\n                                    <\/div>\r\n                                                                        <div class=\"features1__item mb-40\">\r\n                                        <div class=\"features1__thumb\">\r\n                                                                                        <img decoding=\"async\" src=\"https:\/\/www.mundomaquinasltda.cl\/wp-content\/uploads\/2020\/10\/png-icon-05.png\" alt=\"png-bg\">\r\n                                                                                        \r\n                                                                                        <figure>\r\n                                                <i aria-hidden=\"true\" class=\" flaticon-hammer\"><\/i>                                            <\/figure>\r\n                                             \r\n\r\n                                        <\/div>\r\n                                        <div class=\"features1__item--text bdevs-el-content\">\r\n                                                                                        <h4 class=\"title bdevs-el-list-item-title\">Fabricaci\u00f3n de pedestales<\/h4>\r\n                                            \r\n                                                                                        <p>para cosedoras estacionarias y port\u00e1tiles<\/p>\r\n                                                                                    <\/div>\r\n                                    <\/div>\r\n                                                                        <div class=\"fea-btn\">\r\n                                        <!-- button one  -->\r\n                                        <a class=\"bdevs-btn site__btn1 bdevs-el-btn site__btn1\" href=\"https:\/\/www.mundomaquinasltda.cl\/?page_id=74\">Servicios<\/a>                                    <\/div>\r\n                                <\/div>\r\n                            <\/div>\r\n                        <\/div>\r\n                    <\/div>\r\n                <\/div>\r\n            <\/div>\r\n        <\/section>\r\n\r\n                \r\n        \t\t<\/div>\n\t\t\t\t<\/div>\n\t\t\t\t<div class=\"elementor-element elementor-element-06eed9c elementor-absolute elementor-widget__width-initial elementor-widget elementor-widget-icon_box bdevs-el icon_box\" data-id=\"06eed9c\" data-element_type=\"widget\" data-settings=\"{&quot;step_number&quot;:&quot;25 &lt;span&gt;+&lt;\\\/span&gt;&quot;,&quot;_position&quot;:&quot;absolute&quot;,&quot;design_style&quot;:&quot;style_1&quot;}\" data-widget_type=\"icon_box.default\">\n\t\t\t\t<div class=\"elementor-widget-container\">\n\t\t\t\r\n                    <div class=\"about1__experience bdev-el-content\">\r\n                <div class=\"about1__experience--content\">\r\n                                            <h2>25 <span>+<\/span><\/h2>\r\n                                        <div class=\"exp-icon\">\r\n                                                <figure>\r\n                            <i aria-hidden=\"true\" class=\"fal fa-trophy-alt\"><\/i>                        <\/figure>\r\n                                            <\/div>\r\n                    <div class=\"about1_experience_text\">\r\n                                                    <h4 class=\"bdevs-el-subtitle\">A\u00f1os de <\/h4>\r\n                        \r\n                        <h3 class=\"bdevs-el-title\">Experiencia<\/h3>                    <\/div>\r\n                <\/div>\r\n            <\/div>\r\n                \r\n        \t\t<\/div>\n\t\t\t\t<\/div>\n\t\t\t\t\t<\/div>\n\t\t<\/div>\n\t\t\t\t\t<\/div>\n\t\t<\/section>\n\t\t\t\t<section class=\"elementor-section elementor-top-section elementor-element elementor-element-34894bb elementor-section-full_width elementor-section-height-default elementor-section-height-default\" data-id=\"34894bb\" data-element_type=\"section\" data-settings=\"{&quot;background_background&quot;:&quot;classic&quot;}\">\n\t\t\t\t\t\t<div class=\"elementor-container elementor-column-gap-no\">\n\t\t\t\t\t<div class=\"elementor-column elementor-col-100 elementor-top-column elementor-element elementor-element-697b178\" data-id=\"697b178\" data-element_type=\"column\">\n\t\t\t<div class=\"elementor-widget-wrap elementor-element-populated\">\n\t\t\t\t\t\t<div class=\"elementor-element elementor-element-c25a933 elementor-widget elementor-widget-brand bdevs-el brand\" data-id=\"c25a933\" data-element_type=\"widget\" data-settings=\"{&quot;design_style&quot;:&quot;style_1&quot;}\" data-widget_type=\"brand.default\">\n\t\t\t\t<div class=\"elementor-widget-container\">\n\t\t\t\r\n        \r\n        <section class=\"sponsors1 sponsors1__bg-img-01\">\r\n            <h2 class=\"hidden\">Section Heading<\/h2>\r\n            <div class=\"sponsors1__content_box\">\r\n                <div class=\"container\">\r\n                    <div class=\"row brand-active owl-carousel\">\r\n                                                <div class=\"col-12\">\r\n                            <div class=\"sponsors1__item text-center mb-70\">\r\n                                <a href=\"#\">\r\n                                    <img decoding=\"async\" src=\"https:\/\/www.mundomaquinasltda.cl\/wp-content\/uploads\/2024\/06\/logo-Fischbein.jpg\" alt=\"img\">\r\n                                <\/a>\r\n                            <\/div>\r\n                        <\/div>\r\n                                                <div class=\"col-12\">\r\n                            <div class=\"sponsors1__item text-center mb-70\">\r\n                                <a href=\"#\">\r\n                                    <img decoding=\"async\" src=\"https:\/\/www.mundomaquinasltda.cl\/wp-content\/uploads\/2024\/06\/JEM-LogoWebsite-.png\" alt=\"img\">\r\n                                <\/a>\r\n                            <\/div>\r\n                        <\/div>\r\n                                                <div class=\"col-12\">\r\n                            <div class=\"sponsors1__item text-center mb-70\">\r\n                                <a href=\"#\">\r\n                                    <img decoding=\"async\" src=\"https:\/\/www.mundomaquinasltda.cl\/wp-content\/uploads\/2024\/06\/lopgotipo.jpg\" alt=\"img\">\r\n                                <\/a>\r\n                            <\/div>\r\n                        <\/div>\r\n                                                <div class=\"col-12\">\r\n                            <div class=\"sponsors1__item text-center mb-70\">\r\n                                <a href=\"#\">\r\n                                    <img decoding=\"async\" src=\"https:\/\/www.mundomaquinasltda.cl\/wp-content\/uploads\/2024\/06\/logo-fischbein-saxon-scaled.jpg\" alt=\"img\">\r\n                                <\/a>\r\n                            <\/div>\r\n                        <\/div>\r\n                                                <div class=\"col-12\">\r\n                            <div class=\"sponsors1__item text-center mb-70\">\r\n                                <a href=\"#\">\r\n                                    <img decoding=\"async\" src=\"https:\/\/www.mundomaquinasltda.cl\/wp-content\/uploads\/2024\/06\/Logo-Union-special.jpg\" alt=\"img\">\r\n                                <\/a>\r\n                            <\/div>\r\n                        <\/div>\r\n                                            <\/div>\r\n                <\/div>\r\n            <\/div>\r\n        <\/section>\r\n        \r\n        \t\t<\/div>\n\t\t\t\t<\/div>\n\t\t\t\t\t<\/div>\n\t\t<\/div>\n\t\t\t\t\t<\/div>\n\t\t<\/section>\n\t\t\t\t<\/div>\n\t\t","protected":false},"excerpt":{"rendered":"<p>Quienes Somos Dependiendo de tu necesidad Contamos con un servicio especializado y oportuno en el rubro de envasado, sellado de bolsas y sacos hasta la automatizaci\u00f3n de l\u00edneas de envasado, ofreciendo a clientes de la regi\u00f3n servicios con procesos de alta eficiencia operacional y excelencia en la calidad, innovando en cada uno de ellos. Principales [&hellip;]<\/p>\n","protected":false},"author":1,"featured_media":0,"parent":0,"menu_order":0,"comment_status":"closed","ping_status":"closed","template":"elementor_header_footer","meta":{"_acf_changed":false,"footnotes":""},"class_list":["post-49","page","type-page","status-publish","hentry"],"acf":[],"_links":{"self":[{"href":"https:\/\/www.mundomaquinasltda.cl\/index.php?rest_route=\/wp\/v2\/pages\/49","targetHints":{"allow":["GET"]}}],"collection":[{"href":"https:\/\/www.mundomaquinasltda.cl\/index.php?rest_route=\/wp\/v2\/pages"}],"about":[{"href":"https:\/\/www.mundomaquinasltda.cl\/index.php?rest_route=\/wp\/v2\/types\/page"}],"author":[{"embeddable":true,"href":"https:\/\/www.mundomaquinasltda.cl\/index.php?rest_route=\/wp\/v2\/users\/1"}],"replies":[{"embeddable":true,"href":"https:\/\/www.mundomaquinasltda.cl\/index.php?rest_route=%2Fwp%2Fv2%2Fcomments&post=49"}],"version-history":[{"count":14,"href":"https:\/\/www.mundomaquinasltda.cl\/index.php?rest_route=\/wp\/v2\/pages\/49\/revisions"}],"predecessor-version":[{"id":3020,"href":"https:\/\/www.mundomaquinasltda.cl\/index.php?rest_route=\/wp\/v2\/pages\/49\/revisions\/3020"}],"wp:attachment":[{"href":"https:\/\/www.mundomaquinasltda.cl\/index.php?rest_route=%2Fwp%2Fv2%2Fmedia&parent=49"}],"curies":[{"name":"wp","href":"https:\/\/api.w.org\/{rel}","templated":true}]}}