{"id":74,"date":"2020-08-26T05:56:04","date_gmt":"2020-08-26T05:56:04","guid":{"rendered":"https:\/\/www.devsnews.com\/wp\/bildpress\/?page_id=74"},"modified":"2024-08-14T17:42:13","modified_gmt":"2024-08-14T20:42:13","slug":"servicios","status":"publish","type":"page","link":"https:\/\/www.mundomaquinasltda.cl\/?page_id=74","title":{"rendered":"Servicios"},"content":{"rendered":"\t\t<div data-elementor-type=\"wp-page\" data-elementor-id=\"74\" class=\"elementor elementor-74\" data-elementor-post-type=\"page\">\n\t\t\t\t\t\t<section class=\"elementor-section elementor-top-section elementor-element elementor-element-b5c00f9 elementor-section-full_width elementor-section-height-default elementor-section-height-default\" data-id=\"b5c00f9\" data-element_type=\"section\">\n\t\t\t\t\t\t<div class=\"elementor-container elementor-column-gap-no\">\n\t\t\t\t\t<div class=\"elementor-column elementor-col-100 elementor-top-column elementor-element elementor-element-587cf8e\" data-id=\"587cf8e\" data-element_type=\"column\">\n\t\t\t<div class=\"elementor-widget-wrap elementor-element-populated\">\n\t\t\t\t\t\t<div class=\"elementor-element elementor-element-49156e3 elementor-widget elementor-widget-services-tab bdevs-el services-tab\" data-id=\"49156e3\" data-element_type=\"widget\" data-settings=\"{&quot;design_style&quot;:&quot;style_5&quot;}\" data-widget_type=\"services-tab.default\">\n\t\t\t\t<div class=\"elementor-widget-container\">\n\t\t\t\r\n\r\n        \r\n        <section class=\"service1 other_page1\">\r\n            <div class=\"container\">\r\n                <div class=\"row\">\r\n                                        <div class=\"col-xl-4 col-lg-4 col-md-6\">\r\n                        <div class=\"services__item bdevs-el-content mb-40\">\r\n                            <div class=\"services__thumb bdevs-el-icon mb-30\">\r\n                                                                <img decoding=\"async\" src=\"https:\/\/www.mundomaquinasltda.cl\/wp-content\/uploads\/2020\/10\/sv1.jpg\" alt=\"Service Image\">\r\n                                    \r\n                                <div class=\"sv-icon\">\r\n                                                                       <figure>\r\n                                        <i aria-hidden=\"true\" class=\" flaticon-helmet\"><\/i>                                    <\/figure>\r\n                                                                    <\/div>\r\n                            <\/div>\r\n                            <div class=\"services__content\">\r\n                                                                <h3 class=\"bdevs-el-title\"><a href=\"\">Servicio t\u00e9cnico especializado<\/a><\/h3>\r\n                                \r\n                                                                <p>Servicio t\u00e9cnico especializado de cosedoras de sacos, selladoras y ensacadoras a terreno.<\/p>\r\n                                \r\n                                                            <\/div>\r\n                        <\/div>\r\n                    <\/div>\r\n                                        <div class=\"col-xl-4 col-lg-4 col-md-6\">\r\n                        <div class=\"services__item bdevs-el-content mb-40\">\r\n                            <div class=\"services__thumb bdevs-el-icon mb-30\">\r\n                                                                <img decoding=\"async\" src=\"https:\/\/www.mundomaquinasltda.cl\/wp-content\/uploads\/2020\/10\/sv2.jpg\" alt=\"Service Image\">\r\n                                    \r\n                                <div class=\"sv-icon\">\r\n                                                                       <figure>\r\n                                        <i aria-hidden=\"true\" class=\" flaticon-saw-machine-3\"><\/i>                                    <\/figure>\r\n                                                                    <\/div>\r\n                            <\/div>\r\n                            <div class=\"services__content\">\r\n                                                                <h3 class=\"bdevs-el-title\"><a href=\"\">Soluciones de ensacado<\/a><\/h3>\r\n                                \r\n                                                                <p>Soluciones de ensacado, sellado y costura de bolsas y sacos.<\/p>\r\n                                \r\n                                                            <\/div>\r\n                        <\/div>\r\n                    <\/div>\r\n                                        <div class=\"col-xl-4 col-lg-4 col-md-6\">\r\n                        <div class=\"services__item bdevs-el-content mb-40\">\r\n                            <div class=\"services__thumb bdevs-el-icon mb-30\">\r\n                                                                <img decoding=\"async\" src=\"https:\/\/www.mundomaquinasltda.cl\/wp-content\/uploads\/2020\/10\/sv3.jpg\" alt=\"Service Image\">\r\n                                    \r\n                                <div class=\"sv-icon\">\r\n                                                                       <figure>\r\n                                        <i aria-hidden=\"true\" class=\" flaticon-beam\"><\/i>                                    <\/figure>\r\n                                                                    <\/div>\r\n                            <\/div>\r\n                            <div class=\"services__content\">\r\n                                                                <h3 class=\"bdevs-el-title\"><a href=\"\">Asesor\u00eda para dar soluciones<\/a><\/h3>\r\n                                \r\n                                                                <p>Asesor\u00eda para dar soluciones a los requerimientos de cada cliente.<\/p>\r\n                                \r\n                                                            <\/div>\r\n                        <\/div>\r\n                    <\/div>\r\n                                        <div class=\"col-xl-4 col-lg-4 col-md-6\">\r\n                        <div class=\"services__item bdevs-el-content mb-40\">\r\n                            <div class=\"services__thumb bdevs-el-icon mb-30\">\r\n                                                                <img decoding=\"async\" src=\"https:\/\/www.mundomaquinasltda.cl\/wp-content\/uploads\/2020\/10\/sv4.jpg\" alt=\"Service Image\">\r\n                                    \r\n                                <div class=\"sv-icon\">\r\n                                                                       <figure>\r\n                                        <i aria-hidden=\"true\" class=\" flaticon-drilling-machine\"><\/i>                                    <\/figure>\r\n                                                                    <\/div>\r\n                            <\/div>\r\n                            <div class=\"services__content\">\r\n                                                                <h3 class=\"bdevs-el-title\"><a href=\"\">Fabricaci\u00f3n<\/a><\/h3>\r\n                                \r\n                                                                <p>Fabricaci\u00f3n de cintas transportadoras<\/p>\r\n                                \r\n                                                            <\/div>\r\n                        <\/div>\r\n                    <\/div>\r\n                                        <div class=\"col-xl-4 col-lg-4 col-md-6\">\r\n                        <div class=\"services__item bdevs-el-content mb-40\">\r\n                            <div class=\"services__thumb bdevs-el-icon mb-30\">\r\n                                                                <img decoding=\"async\" src=\"https:\/\/www.mundomaquinasltda.cl\/wp-content\/uploads\/2020\/10\/sv5.jpg\" alt=\"Service Image\">\r\n                                    \r\n                                <div class=\"sv-icon\">\r\n                                                                       <figure>\r\n                                        <i aria-hidden=\"true\" class=\" flaticon-saw\"><\/i>                                    <\/figure>\r\n                                                                    <\/div>\r\n                            <\/div>\r\n                            <div class=\"services__content\">\r\n                                                                <h3 class=\"bdevs-el-title\"><a href=\"\">Fabricaci\u00f3n de pedestales<\/a><\/h3>\r\n                                \r\n                                                                <p>Fabricaci\u00f3n de pedestales para cosedoras estacionarias y port\u00e1tiles.<\/p>\r\n                                \r\n                                                            <\/div>\r\n                        <\/div>\r\n                    <\/div>\r\n                                        <div class=\"col-xl-4 col-lg-4 col-md-6\">\r\n                        <div class=\"services__item bdevs-el-content mb-40\">\r\n                            <div class=\"services__thumb bdevs-el-icon mb-30\">\r\n                                                                <img decoding=\"async\" src=\"https:\/\/www.mundomaquinasltda.cl\/wp-content\/uploads\/2020\/10\/sv6.jpg\" alt=\"Service Image\">\r\n                                    \r\n                                <div class=\"sv-icon\">\r\n                                                                       <figure>\r\n                                        <i aria-hidden=\"true\" class=\" flaticon-paint-roller\"><\/i>                                    <\/figure>\r\n                                                                    <\/div>\r\n                            <\/div>\r\n                            <div class=\"services__content\">\r\n                                                                <h3 class=\"bdevs-el-title\"><a href=\"\">Ingenier\u00eda, dise\u00f1o y fabricaci\u00f3n<\/a><\/h3>\r\n                                \r\n                                                                <p>Ingenier\u00eda, dise\u00f1o y fabricaci\u00f3n de l\u00edneas de ensacado.<\/p>\r\n                                \r\n                                                            <\/div>\r\n                        <\/div>\r\n                    <\/div>\r\n                                    <\/div>\r\n            <\/div>\r\n        <\/section>        \r\n\r\n        \r\n        \t\t<\/div>\n\t\t\t\t<\/div>\n\t\t\t\t\t<\/div>\n\t\t<\/div>\n\t\t\t\t\t<\/div>\n\t\t<\/section>\n\t\t\t\t<section class=\"elementor-section elementor-top-section elementor-element elementor-element-097503e elementor-section-full_width elementor-section-height-default elementor-section-height-default\" data-id=\"097503e\" data-element_type=\"section\" data-settings=\"{&quot;background_background&quot;:&quot;classic&quot;}\">\n\t\t\t\t\t\t<div class=\"elementor-container elementor-column-gap-no\">\n\t\t\t\t\t<div class=\"elementor-column elementor-col-100 elementor-top-column elementor-element elementor-element-f79d81e\" data-id=\"f79d81e\" data-element_type=\"column\">\n\t\t\t<div class=\"elementor-widget-wrap elementor-element-populated\">\n\t\t\t\t\t\t<div class=\"elementor-element elementor-element-7076231 elementor-widget elementor-widget-featured_list bdevs-el featured_list\" data-id=\"7076231\" data-element_type=\"widget\" data-settings=\"{&quot;design_style&quot;:&quot;style_1&quot;}\" data-widget_type=\"featured_list.default\">\n\t\t\t\t<div class=\"elementor-widget-container\">\n\t\t\t\r\n        \r\n        <section class=\"features1\">\r\n            <div class=\"features1__wrapper position-relative\">\r\n                                <h2 class=\"text-border-title1 features1-style\"><\/h2>\r\n                                <div class=\"content_box_120\">\r\n                    <div class=\"container\">\r\n                        <div class=\"row\">\r\n                            <div class=\"col-xl-6 col-lg-7\">\r\n                                <div class=\"title_style1 bdevs-el-subtitle\">\r\n                                                                            <h5 class=\"sub-title bdevs-el-subtitle\">Principales Servicios<\/h5>\r\n                                    \r\n                                    <h2 class=\"title bdevs-el-title\">Servicios porque nos eligen<\/h2>                                <\/div>\r\n                                <div class=\"features1__content mt-45\">\r\n                                                                        <div class=\"features1__item mb-40\">\r\n                                        <div class=\"features1__thumb\">\r\n                                                                                        <img decoding=\"async\" src=\"https:\/\/www.mundomaquinasltda.cl\/wp-content\/uploads\/2020\/10\/png-icon-05.png\" alt=\"png-bg\">\r\n                                                                                        \r\n                                                                                        <figure>\r\n                                                <i aria-hidden=\"true\" class=\" flaticon-worker\"><\/i>                                            <\/figure>\r\n                                             \r\n\r\n                                        <\/div>\r\n                                        <div class=\"features1__item--text bdevs-el-content\">\r\n                                                                                        <h4 class=\"title bdevs-el-list-item-title\">Servicio t\u00e9cnico especializado<\/h4>\r\n                                            \r\n                                                                                        <p>De cosedoras de sacos, selladoras y ensacadoras a terreno.<\/p>\r\n                                                                                    <\/div>\r\n                                    <\/div>\r\n                                                                        <div class=\"features1__item mb-40\">\r\n                                        <div class=\"features1__thumb\">\r\n                                                                                        <img decoding=\"async\" src=\"https:\/\/www.mundomaquinasltda.cl\/wp-content\/uploads\/2020\/10\/png-icon-05.png\" alt=\"png-bg\">\r\n                                                                                        \r\n                                                                                        <figure>\r\n                                                <i aria-hidden=\"true\" class=\" flaticon-hammer\"><\/i>                                            <\/figure>\r\n                                             \r\n\r\n                                        <\/div>\r\n                                        <div class=\"features1__item--text bdevs-el-content\">\r\n                                                                                        <h4 class=\"title bdevs-el-list-item-title\">Fabricaci\u00f3n de pedestales<\/h4>\r\n                                            \r\n                                                                                        <p>para cosedoras estacionarias y port\u00e1tiles<\/p>\r\n                                                                                    <\/div>\r\n                                    <\/div>\r\n                                                                        <div class=\"fea-btn\">\r\n                                        <!-- button one  -->\r\n                                                                            <\/div>\r\n                                <\/div>\r\n                            <\/div>\r\n                        <\/div>\r\n                    <\/div>\r\n                <\/div>\r\n            <\/div>\r\n        <\/section>\r\n\r\n                \r\n        \t\t<\/div>\n\t\t\t\t<\/div>\n\t\t\t\t\t<\/div>\n\t\t<\/div>\n\t\t\t\t\t<\/div>\n\t\t<\/section>\n\t\t\t\t<section class=\"elementor-section elementor-top-section elementor-element elementor-element-0d91b36 elementor-section-full_width elementor-section-height-default elementor-section-height-default\" data-id=\"0d91b36\" data-element_type=\"section\" data-settings=\"{&quot;background_background&quot;:&quot;classic&quot;}\">\n\t\t\t\t\t\t<div class=\"elementor-container elementor-column-gap-no\">\n\t\t\t\t\t<div class=\"elementor-column elementor-col-100 elementor-top-column elementor-element elementor-element-e49d6ff\" data-id=\"e49d6ff\" data-element_type=\"column\">\n\t\t\t<div class=\"elementor-widget-wrap elementor-element-populated\">\n\t\t\t\t\t\t<div class=\"elementor-element elementor-element-2e574f8 elementor-widget elementor-widget-brand bdevs-el brand\" data-id=\"2e574f8\" data-element_type=\"widget\" data-settings=\"{&quot;design_style&quot;:&quot;style_1&quot;}\" data-widget_type=\"brand.default\">\n\t\t\t\t<div class=\"elementor-widget-container\">\n\t\t\t\r\n        \r\n        <section class=\"sponsors1 sponsors1__bg-img-01\">\r\n            <h2 class=\"hidden\">Section Heading<\/h2>\r\n            <div class=\"sponsors1__content_box\">\r\n                <div class=\"container\">\r\n                    <div class=\"row brand-active owl-carousel\">\r\n                                                <div class=\"col-12\">\r\n                            <div class=\"sponsors1__item text-center mb-70\">\r\n                                <a href=\"#\">\r\n                                    <img decoding=\"async\" src=\"https:\/\/www.mundomaquinasltda.cl\/wp-content\/uploads\/2024\/06\/logo-Fischbein.jpg\" alt=\"img\">\r\n                                <\/a>\r\n                            <\/div>\r\n                        <\/div>\r\n                                                <div class=\"col-12\">\r\n                            <div class=\"sponsors1__item text-center mb-70\">\r\n                                <a href=\"#\">\r\n                                    <img decoding=\"async\" src=\"https:\/\/www.mundomaquinasltda.cl\/wp-content\/uploads\/2024\/06\/JEM-LogoWebsite-.png\" alt=\"img\">\r\n                                <\/a>\r\n                            <\/div>\r\n                        <\/div>\r\n                                                <div class=\"col-12\">\r\n                            <div class=\"sponsors1__item text-center mb-70\">\r\n                                <a href=\"#\">\r\n                                    <img decoding=\"async\" src=\"https:\/\/www.mundomaquinasltda.cl\/wp-content\/uploads\/2024\/06\/lopgotipo.jpg\" alt=\"img\">\r\n                                <\/a>\r\n                            <\/div>\r\n                        <\/div>\r\n                                                <div class=\"col-12\">\r\n                            <div class=\"sponsors1__item text-center mb-70\">\r\n                                <a href=\"#\">\r\n                                    <img decoding=\"async\" src=\"https:\/\/www.mundomaquinasltda.cl\/wp-content\/uploads\/2024\/06\/logo-fischbein-saxon-scaled.jpg\" alt=\"img\">\r\n                                <\/a>\r\n                            <\/div>\r\n                        <\/div>\r\n                                                <div class=\"col-12\">\r\n                            <div class=\"sponsors1__item text-center mb-70\">\r\n                                <a href=\"#\">\r\n                                    <img decoding=\"async\" src=\"https:\/\/www.mundomaquinasltda.cl\/wp-content\/uploads\/2024\/06\/Logo-Union-special.jpg\" alt=\"img\">\r\n                                <\/a>\r\n                            <\/div>\r\n                        <\/div>\r\n                                            <\/div>\r\n                <\/div>\r\n            <\/div>\r\n        <\/section>\r\n        \r\n        \t\t<\/div>\n\t\t\t\t<\/div>\n\t\t\t\t\t<\/div>\n\t\t<\/div>\n\t\t\t\t\t<\/div>\n\t\t<\/section>\n\t\t\t\t<\/div>\n\t\t","protected":false},"excerpt":{"rendered":"<p>Servicio t\u00e9cnico especializado Servicio t\u00e9cnico especializado de cosedoras de sacos, selladoras y ensacadoras a terreno. Soluciones de ensacado Soluciones de ensacado, sellado y costura de bolsas y sacos. Asesor\u00eda para dar soluciones Asesor\u00eda para dar soluciones a los requerimientos de cada cliente. Fabricaci\u00f3n Fabricaci\u00f3n de cintas transportadoras Fabricaci\u00f3n de pedestales Fabricaci\u00f3n de pedestales para cosedoras [&hellip;]<\/p>\n","protected":false},"author":1,"featured_media":0,"parent":0,"menu_order":0,"comment_status":"closed","ping_status":"closed","template":"elementor_header_footer","meta":{"_acf_changed":false,"footnotes":""},"class_list":["post-74","page","type-page","status-publish","hentry"],"acf":[],"_links":{"self":[{"href":"https:\/\/www.mundomaquinasltda.cl\/index.php?rest_route=\/wp\/v2\/pages\/74","targetHints":{"allow":["GET"]}}],"collection":[{"href":"https:\/\/www.mundomaquinasltda.cl\/index.php?rest_route=\/wp\/v2\/pages"}],"about":[{"href":"https:\/\/www.mundomaquinasltda.cl\/index.php?rest_route=\/wp\/v2\/types\/page"}],"author":[{"embeddable":true,"href":"https:\/\/www.mundomaquinasltda.cl\/index.php?rest_route=\/wp\/v2\/users\/1"}],"replies":[{"embeddable":true,"href":"https:\/\/www.mundomaquinasltda.cl\/index.php?rest_route=%2Fwp%2Fv2%2Fcomments&post=74"}],"version-history":[{"count":17,"href":"https:\/\/www.mundomaquinasltda.cl\/index.php?rest_route=\/wp\/v2\/pages\/74\/revisions"}],"predecessor-version":[{"id":3017,"href":"https:\/\/www.mundomaquinasltda.cl\/index.php?rest_route=\/wp\/v2\/pages\/74\/revisions\/3017"}],"wp:attachment":[{"href":"https:\/\/www.mundomaquinasltda.cl\/index.php?rest_route=%2Fwp%2Fv2%2Fmedia&parent=74"}],"curies":[{"name":"wp","href":"https:\/\/api.w.org\/{rel}","templated":true}]}}