{"id":2973,"date":"2024-06-26T13:43:05","date_gmt":"2024-06-26T16:43:05","guid":{"rendered":"https:\/\/www.mundomaquinasltda.cl\/?post_type=product&#038;p=2973"},"modified":"2024-06-26T14:35:25","modified_gmt":"2024-06-26T17:35:25","slug":"maquina-selladora-de-banda-modelo-sb-1000","status":"publish","type":"product","link":"https:\/\/www.mundomaquinasltda.cl\/?product=maquina-selladora-de-banda-modelo-sb-1000","title":{"rendered":"M\u00e1quina Selladora de Banda &#8211; Modelo SB 1000"},"content":{"rendered":"<h4>Especificaciones<\/h4>\n<ul>\n<li>Selladora de banda giratoria para bolsas y<br \/>\nestuches de pl\u00e1stico.<\/li>\n<li>Bolsas y estuches planos o con fuelle.<\/li>\n<li>Protectores herm\u00e9ticos contra el polvo<br \/>\nNEMA 12.<\/li>\n<li>Tensi\u00f3n: 230 VCA.<\/li>\n<li>Velocidad variable hasta 27 metros (89<br \/>\npies) por minuto.<\/li>\n<li>M\u00e1ximo espesor de la bolsa: 10 mil.<\/li>\n<li>Extremo superior libre de 9 cm (3,5&amp;quot;)<br \/>\n(m\u00ednimo).<\/li>\n<li>Peso de 125 kg (275 libras).<\/li>\n<li>Altura ajustable en forma el\u00e9ctrica<\/li>\n<\/ul>\n","protected":false},"excerpt":{"rendered":"<h3 style=\"text-align: left;\">Selladora de Banda Modelo SB 1000.<\/h3>\n<p style=\"text-align: left;\">Con su elegante y duradero acabado de acero inoxidable, la nueva termoselladora de banda giratoria SB 1000\u2122 es ideal para satisfacer los requisitos de higiene de los sectores de alimentos, insumos m\u00e9dicos, medicamentos y productos qu\u00edmicos.<\/p>\n<p style=\"text-align: left;\">El m\u00f3dulo de sellado de bandas de alta eficiencia y las mejoradas funcionalidades de enfriamiento de la SB 1000 confeccionan sellos est\u00e9ticos y fiables sobre bolsas y estuches planos o con fuelle de polietileno, polilaminados, coextruidos y pel\u00edculas contra\u00edbles.<\/p>\n<p style=\"text-align: left;\">El modelo SB 1000 est\u00e1ndar se presenta con carcasa de acero inoxidable y est\u00e1 dise\u00f1ado con un variador de velocidad, controles f\u00e1ciles de<br \/>\nusar, ajuste de altura de sellado motorizado y un sensor de temperatura con corte autom\u00e1tico.<\/p>\n<p style=\"text-align: left;\">Genera sellos de 12 mil\u00edmetros de ancho y se presenta en direcci\u00f3n de funcionamiento de derecha a izquierda o de izquierda a derecha.<\/p>\n<p style=\"text-align: left;\">Entre los opcionales se incluyen controladores PID de temperatura adicionales, recortadora de las bocas de bolsas, limpiador de las bocas de bolsas, gabinete de purga de aire y codificador en relieve.<\/p>\n<p style=\"text-align: left;\">Otros modelos incluyen validaci\u00f3n m\u00e9dica, lavado e integraci\u00f3n a la cinta transportadora.<\/p>\n<p style=\"text-align: left;\">La selladora de banda giratoria SB 1000, de dise\u00f1o compacto y flexible, es el resultado del compromiso permanente asumido por Fischbein-Saxon de proporcionar a la industria selladoras de la m\u00e1s avanzada tecnolog\u00eda que producen sellos de calidad. Concebida para cambiar r\u00e1pidamente de producto, reducir los tiempos de inactividad y aumentar la productividad, la SB 1000 es una soluci\u00f3n inteligente para sus necesidades de embolsado.<\/p>\n","protected":false},"featured_media":2821,"template":"","meta":{"_acf_changed":false},"product_cat":[69,50],"product_tag":[71,72],"class_list":{"0":"post-2973","1":"product","2":"type-product","3":"status-publish","4":"has-post-thumbnail","6":"product_cat-selladora-de-banda","7":"product_cat-selladoras","8":"product_tag-maquina-selladora-de-banda","9":"product_tag-modelo-sb-1000","11":"first","12":"instock","13":"shipping-taxable","14":"product-type-simple"},"acf":[],"_links":{"self":[{"href":"https:\/\/www.mundomaquinasltda.cl\/index.php?rest_route=\/wp\/v2\/product\/2973","targetHints":{"allow":["GET"]}}],"collection":[{"href":"https:\/\/www.mundomaquinasltda.cl\/index.php?rest_route=\/wp\/v2\/product"}],"about":[{"href":"https:\/\/www.mundomaquinasltda.cl\/index.php?rest_route=\/wp\/v2\/types\/product"}],"wp:featuredmedia":[{"embeddable":true,"href":"https:\/\/www.mundomaquinasltda.cl\/index.php?rest_route=\/wp\/v2\/media\/2821"}],"wp:attachment":[{"href":"https:\/\/www.mundomaquinasltda.cl\/index.php?rest_route=%2Fwp%2Fv2%2Fmedia&parent=2973"}],"wp:term":[{"taxonomy":"product_cat","embeddable":true,"href":"https:\/\/www.mundomaquinasltda.cl\/index.php?rest_route=%2Fwp%2Fv2%2Fproduct_cat&post=2973"},{"taxonomy":"product_tag","embeddable":true,"href":"https:\/\/www.mundomaquinasltda.cl\/index.php?rest_route=%2Fwp%2Fv2%2Fproduct_tag&post=2973"}],"curies":[{"name":"wp","href":"https:\/\/api.w.org\/{rel}","templated":true}]}}