{"id":2977,"date":"2024-06-26T15:03:42","date_gmt":"2024-06-26T18:03:42","guid":{"rendered":"https:\/\/www.mundomaquinasltda.cl\/?post_type=product&#038;p=2977"},"modified":"2024-06-26T18:21:45","modified_gmt":"2024-06-26T21:21:45","slug":"maquina-selladora-por-aire-caliente-modelo-sh-1000","status":"publish","type":"product","link":"https:\/\/www.mundomaquinasltda.cl\/?product=maquina-selladora-por-aire-caliente-modelo-sh-1000","title":{"rendered":"M\u00e1quina Selladora por Aire Caliente &#8211; Modelo SH 1000"},"content":{"rendered":"<h4>Especificaciones<\/h4>\n<ul>\n<li>Termoselladora para bolsas y estuches de<br \/>\npl\u00e1stico.<\/li>\n<li>Operaci\u00f3n est\u00e1ndar de derecha a izquierda.<\/li>\n<li>Protectores herm\u00e9ticos contra el polvo<br \/>\nNEMA 12.<\/li>\n<li>Tensi\u00f3n: 115 a 230 VCA.<\/li>\n<li>Velocidad variable hasta 22 metros (72<br \/>\npies) por minuto.<\/li>\n<li>M\u00e1ximo espesor de la bolsa: 10 mil.<\/li>\n<li>Extremo superior libre de 9 cm (3,5&amp;quot;)<br \/>\n(m\u00ednimo).<\/li>\n<li>Peso de 143 kg (315 libras).<\/li>\n<li>Altura ajustable en forma el\u00e9ctrica.<\/li>\n<\/ul>\n","protected":false},"excerpt":{"rendered":"<h3 style=\"text-align: left;\">Selladora por Aire Caliente Modelo SH 1000.<\/h3>\n<p style=\"text-align: left;\">La nueva generaci\u00f3n de selladoras por aire caliente SH 1000 de Fischbein-Saxon\u00ae representa la m\u00e1s avanzada tecnolog\u00eda de sellado de bolsas existente en la actualidad.<\/p>\n<p style=\"text-align: left;\">Cuenta con lo m\u00e1s moderno en cuanto a control PID de temperatura, mejorado dise\u00f1o de circulaci\u00f3n de aire del ambiente y sistema de transferencia de calor de alta eficiencia que sella bolsas y estuches pl\u00e1sticos de mayor espesor.<\/p>\n<p style=\"text-align: left;\">El sello seguro que la SH 1000 genera por aire caliente es la soluci\u00f3n ideal para una amplia variedad de aplicaciones de sellado de bolsas de pl\u00e1stico, entre las que podemos citar alimentos, medicamentos, insumos m\u00e9dicos y productos qu\u00edmicos.<\/p>\n<p style=\"text-align: left;\">El modelo SH 1000 est\u00e1ndar se presenta con carcasa de acero inoxidable y est\u00e1 dise\u00f1ado con un variador de velocidad, controles f\u00e1ciles de usar, ajuste de altura del sellado motorizado y un sensor de temperatura con corte autom\u00e1tico.<\/p>\n<p style=\"text-align: left;\">La unidad confecciona sellos de entre 6 y 9 mil\u00edmetros de ancho, y se presenta en direcci\u00f3n de funcionamiento de derecha a izquierda o de izquierda a derecha.<\/p>\n<p style=\"text-align: left;\">Las opciones disponibles incluyen controladores PID de temperatura adicionales, recortadora de las bocas de bolsas, limpiador de las bocas de bolsas y codificadores.<\/p>\n<p style=\"text-align: left;\">Otros modelos incluyen validaci\u00f3n m\u00e9dica, lavado e integraci\u00f3n a la cinta transportadora.<\/p>\n<p style=\"text-align: left;\">La compacta termoselladora SH 1000 confirma la supremac\u00eda de Fischbein-Saxon en tecnolog\u00eda de sellado por aire caliente.<\/p>\n<p style=\"text-align: left;\">Dise\u00f1ada para cambiar r\u00e1pidamente de producto, reducir los tiempos de inactividad y aumentar la productividad, la SH 1000 es una soluci\u00f3n inteligente para sus necesidades de embolsado.<\/p>\n","protected":false},"featured_media":2819,"template":"","meta":{"_acf_changed":false},"product_cat":[70,50],"product_tag":[75,76],"class_list":{"0":"post-2977","1":"product","2":"type-product","3":"status-publish","4":"has-post-thumbnail","6":"product_cat-selladora-por-aire-caliente","7":"product_cat-selladoras","8":"product_tag-maquina-selladora-por-aire-caliente","9":"product_tag-modelo-sh-1000","11":"first","12":"instock","13":"shipping-taxable","14":"product-type-simple"},"acf":[],"_links":{"self":[{"href":"https:\/\/www.mundomaquinasltda.cl\/index.php?rest_route=\/wp\/v2\/product\/2977","targetHints":{"allow":["GET"]}}],"collection":[{"href":"https:\/\/www.mundomaquinasltda.cl\/index.php?rest_route=\/wp\/v2\/product"}],"about":[{"href":"https:\/\/www.mundomaquinasltda.cl\/index.php?rest_route=\/wp\/v2\/types\/product"}],"wp:featuredmedia":[{"embeddable":true,"href":"https:\/\/www.mundomaquinasltda.cl\/index.php?rest_route=\/wp\/v2\/media\/2819"}],"wp:attachment":[{"href":"https:\/\/www.mundomaquinasltda.cl\/index.php?rest_route=%2Fwp%2Fv2%2Fmedia&parent=2977"}],"wp:term":[{"taxonomy":"product_cat","embeddable":true,"href":"https:\/\/www.mundomaquinasltda.cl\/index.php?rest_route=%2Fwp%2Fv2%2Fproduct_cat&post=2977"},{"taxonomy":"product_tag","embeddable":true,"href":"https:\/\/www.mundomaquinasltda.cl\/index.php?rest_route=%2Fwp%2Fv2%2Fproduct_tag&post=2977"}],"curies":[{"name":"wp","href":"https:\/\/api.w.org\/{rel}","templated":true}]}}