{"id":2985,"date":"2024-06-26T19:17:01","date_gmt":"2024-06-26T22:17:01","guid":{"rendered":"https:\/\/www.mundomaquinasltda.cl\/?post_type=product&#038;p=2985"},"modified":"2024-06-26T19:18:27","modified_gmt":"2024-06-26T22:18:27","slug":"balanza-electronica-de-peso-bruto-serie-gwd-wildcat","status":"publish","type":"product","link":"https:\/\/www.mundomaquinasltda.cl\/?product=balanza-electronica-de-peso-bruto-serie-gwd-wildcat","title":{"rendered":"Balanza electr\u00f3nica de peso bruto &#8211; Serie GWD WILDCAT"},"content":{"rendered":"","protected":false},"excerpt":{"rendered":"<h3>BALANZA GWD WILDCAT<\/h3>\n<ul>\n<li>Est\u00e1 dise\u00f1ada para proveer una soluci\u00f3n simple y econ\u00f3mica de pesaje para productos con diferentes tipos de alimentaci\u00f3n, ya que puede ser fabricada con sistema de carga por gravedad, carga por banda, o carga por tornillo sin fin.<\/li>\n<li>Para la opci\u00f3n carga por gravedad, la maquina se caracteriza por dar una producci\u00f3n de entre 8 a 9 sacos por minuto, dependiendo de las caracter\u00edsticas del producto.<\/li>\n<li>Pesa sacos de entre 5 Kg. Hasta 50 Kg.<\/li>\n<li>El producto es pesado dentro del saco (Peso bruto).<\/li>\n<li>Cuenta con sistema de pesaje colgante sobre 2 celdas de carga.<\/li>\n<li>La maquina es completamente neum\u00e1tica en cuanto al sistema de dosificaci\u00f3n y aprieta sacos.<br \/>\nPara los sistemas de alimentaci\u00f3n con banda y tornillo sin fin, la producci\u00f3n depende de las caracter\u00edsticas de cada producto.<\/li>\n<\/ul>\n","protected":false},"featured_media":2834,"template":"","meta":{"_acf_changed":false},"product_cat":[52],"product_tag":[77,78],"class_list":{"0":"post-2985","1":"product","2":"type-product","3":"status-publish","4":"has-post-thumbnail","6":"product_cat-balanzas","7":"product_tag-balanza-electronica-de-peso-bruto","8":"product_tag-serie-gwd-wildcat","10":"first","11":"instock","12":"shipping-taxable","13":"product-type-simple"},"acf":[],"_links":{"self":[{"href":"https:\/\/www.mundomaquinasltda.cl\/index.php?rest_route=\/wp\/v2\/product\/2985","targetHints":{"allow":["GET"]}}],"collection":[{"href":"https:\/\/www.mundomaquinasltda.cl\/index.php?rest_route=\/wp\/v2\/product"}],"about":[{"href":"https:\/\/www.mundomaquinasltda.cl\/index.php?rest_route=\/wp\/v2\/types\/product"}],"wp:featuredmedia":[{"embeddable":true,"href":"https:\/\/www.mundomaquinasltda.cl\/index.php?rest_route=\/wp\/v2\/media\/2834"}],"wp:attachment":[{"href":"https:\/\/www.mundomaquinasltda.cl\/index.php?rest_route=%2Fwp%2Fv2%2Fmedia&parent=2985"}],"wp:term":[{"taxonomy":"product_cat","embeddable":true,"href":"https:\/\/www.mundomaquinasltda.cl\/index.php?rest_route=%2Fwp%2Fv2%2Fproduct_cat&post=2985"},{"taxonomy":"product_tag","embeddable":true,"href":"https:\/\/www.mundomaquinasltda.cl\/index.php?rest_route=%2Fwp%2Fv2%2Fproduct_tag&post=2985"}],"curies":[{"name":"wp","href":"https:\/\/api.w.org\/{rel}","templated":true}]}}