{"id":2989,"date":"2024-06-26T20:46:42","date_gmt":"2024-06-26T23:46:42","guid":{"rendered":"https:\/\/www.mundomaquinasltda.cl\/?post_type=product&#038;p=2989"},"modified":"2024-06-26T20:57:07","modified_gmt":"2024-06-26T23:57:07","slug":"cabezal-de-costura-sencilla-modelo-100","status":"publish","type":"product","link":"https:\/\/www.mundomaquinasltda.cl\/?product=cabezal-de-costura-sencilla-modelo-100","title":{"rendered":"Cabezal de Costura Sencilla &#8211; Modelo 100"},"content":{"rendered":"<h4>Especificaciones<\/h4>\n<ul>\n<li>Peso de 26 kg (57 libras).<\/li>\n<li>Velocidad de cierre ajustable de 11 a 17 metros (35 a 55 pies) por minuto.<\/li>\n<li>Longitud de pulgada ajustable de 2 a 3,5 por pulgada.<\/li>\n<li>Puntada tipo 401 del est\u00e1ndar federal de EE. UU.<\/li>\n<li>Cuchilla empujadora de hilo neum\u00e1tica.<\/li>\n<li>Sistema de cuchilla giratoria opcional.<\/li>\n<li>M\u00e1ximo grosor del material 3\/10 pulgadas.<\/li>\n<li>Auto lubricaci\u00f3n presurizada.<\/li>\n<\/ul>\n","protected":false},"excerpt":{"rendered":"<h3>Cabezal de Costura Sencilla Modelo 100.<\/h3>\n<p>El cabezal de costura sencilla de la Serie Empress\u00ae de Fischbein es reconocido por su durabilidad y la idoneidad de la mano de obra con que se fabrica.<\/p>\n<p>Armado con componentes de metales pesados, este vers\u00e1til y compacto cabezal de costura est\u00e1 dise\u00f1ado para cerrar de manera segura bolsas llenas de boca abierta, de papel multicapa, tejidas y de polipropileno tejido laminado en los entornos de trabajo m\u00e1s exigentes.<\/p>\n<p>El sistema autolubricante presurizado de Fischbein protege las piezas m\u00f3viles y asegura m\u00e1xima productividad con escasos requerimientos de mantenimiento.<\/p>\n<p>Las piezas giratorias de alta precisi\u00f3n de este cabezal de costura permiten ajustar la velocidad operativa de 11 a 17 m (35 a 55 pies) por minuto, con muy bajo nivel de vibraci\u00f3n. Los modelos de cosedoras sencillas est\u00e1ndar confeccionan una costura de cadeneta de dos hilos, ajustable de 2 a 3,5 puntadas por pulgada, configurado de f\u00e1brica en 2,5 puntadas.<\/p>\n<p>Los cabezales Fischbein se presentan con una variedad de accesorios, entre los cuales podemos citar pedestales para montaje, sistemas de alimentaci\u00f3n el\u00e9ctrica, una amplia gama de cintas transportadoras, dobladoras de boca de las bolsas, detectores de rotura de hilos y cintas, codificadores de bolsas y controles fotoel\u00e9ctricos para la integraci\u00f3n al sistema.<\/p>\n<p>Para obtener un m\u00e1ximo rendimiento, se recomienda usar hilo y piezas Fischbein originales.<\/p>\n<p><strong>N\u00famero de modelo 100<\/strong> &#8211; modelo de costura sencilla con cuchilla empujadora de hilo.<\/p>\n<p><strong>N\u00famero de Modelo 100HV<\/strong> &#8211; modelo de costura sencilla con cuchilla giratoria de 115 V.<\/p>\n<p><strong>N\u00famero de Modelo 100DC<\/strong> &#8211; modelo de costura sencilla con cuchilla giratoria de 24 voltios.<\/p>\n","protected":false},"featured_media":2845,"template":"","meta":{"_acf_changed":false},"product_cat":[49,53],"product_tag":[81,82],"class_list":{"0":"post-2989","1":"product","2":"type-product","3":"status-publish","4":"has-post-thumbnail","6":"product_cat-cosedoras","7":"product_cat-maquinas-cosedoras-estacionarias","8":"product_tag-cabezal-de-costura-sencilla","9":"product_tag-modelo-100","11":"first","12":"instock","13":"shipping-taxable","14":"product-type-simple"},"acf":[],"_links":{"self":[{"href":"https:\/\/www.mundomaquinasltda.cl\/index.php?rest_route=\/wp\/v2\/product\/2989","targetHints":{"allow":["GET"]}}],"collection":[{"href":"https:\/\/www.mundomaquinasltda.cl\/index.php?rest_route=\/wp\/v2\/product"}],"about":[{"href":"https:\/\/www.mundomaquinasltda.cl\/index.php?rest_route=\/wp\/v2\/types\/product"}],"wp:featuredmedia":[{"embeddable":true,"href":"https:\/\/www.mundomaquinasltda.cl\/index.php?rest_route=\/wp\/v2\/media\/2845"}],"wp:attachment":[{"href":"https:\/\/www.mundomaquinasltda.cl\/index.php?rest_route=%2Fwp%2Fv2%2Fmedia&parent=2989"}],"wp:term":[{"taxonomy":"product_cat","embeddable":true,"href":"https:\/\/www.mundomaquinasltda.cl\/index.php?rest_route=%2Fwp%2Fv2%2Fproduct_cat&post=2989"},{"taxonomy":"product_tag","embeddable":true,"href":"https:\/\/www.mundomaquinasltda.cl\/index.php?rest_route=%2Fwp%2Fv2%2Fproduct_tag&post=2989"}],"curies":[{"name":"wp","href":"https:\/\/api.w.org\/{rel}","templated":true}]}}