{"id":2991,"date":"2024-06-27T17:11:33","date_gmt":"2024-06-27T20:11:33","guid":{"rendered":"https:\/\/www.mundomaquinasltda.cl\/?post_type=product&#038;p=2991"},"modified":"2024-06-27T17:22:18","modified_gmt":"2024-06-27T20:22:18","slug":"cabezal-de-costura-sencilla-modelo-100-2","status":"publish","type":"product","link":"https:\/\/www.mundomaquinasltda.cl\/?product=cabezal-de-costura-sencilla-modelo-100-2","title":{"rendered":"Cabezal de Costura Sencilla &#8211; Modelo 100-2"},"content":{"rendered":"<h4>Especificaciones<\/h4>\n<ul>\n<li>Componente del sistema.<\/li>\n<li>Costura sencilla.<\/li>\n<li>Formato de dos agujas.<\/li>\n<li>Cuchilla empujadora de hilo.<\/li>\n<li>Est\u00e1ndar de 2,5 puntadas\/pulgada.<\/li>\n<li>Cadeneta de 2 hilos tipo 401 del est\u00e1ndar federal de EE. UU.<\/li>\n<li>11 a 15 m (35 a 50 pies) por minuto.<\/li>\n<\/ul>\n","protected":false},"excerpt":{"rendered":"<h3>Cabezal de Costura Sencilla Modelo 100-2.<\/h3>\n<p>Con el respaldo de la reconocida mano de obra de Fischbein, presentamos los cabezales cosedores modelos 100-2 de la serie Empress\u00ae.<\/p>\n<p>Su caracter\u00edstica principal es que realizan una costura gemela con cada una de las dos agujas, conformando un cierre que, adem\u00e1s de seguro, es resistente al zarandeo.<\/p>\n<p>El modelo 100-2 es perfecto para cerrar todo tipo de bolsas de boca abierta, de materiales tan diversos como de papel multicapa, tejidas, de polipropileno tejido laminado y yute, en los entornos de trabajo m\u00e1s exigentes.<\/p>\n<p>El sistema autolubricante presurizado de Fischbein protege las piezas m\u00f3viles y asegura m\u00e1xima productividad con escasos requerimientos de mantenimiento.<\/p>\n<p>Las piezas giratorias del cabezal 100-2 de la serie Empress permiten ajustar la velocidad operativa de 11 a 15 m (35 a 50 pies) por minuto, con muy bajo nivel de vibraci\u00f3n.<\/p>\n<p>El modelo 100-2 confecciona dos l\u00edneas de costura perfectas y paralelas con una puntada de dos hilos y doble cadeneta, ajustable de 2,25 a 3,25 puntadas por pulgada, configurado de f\u00e1brica en 2,5 puntadas.<\/p>\n<p>El cabezal de costura de dos agujas modelo 100-2 de Fischbein se adapta a nuestras eficientes y f\u00e1ciles de usar cosedoras de costura sencilla modelos 400 Pro2\u2122 y 400NS2\u2122 para trabajos pesados.<\/p>\n<p>Las opciones para el modelo 100-2 incluyen sistemas de alimentaci\u00f3n el\u00e9ctrica, detectores de rotura de hilos, sensores de lubricante, codificador de bolsas y controles fotoel\u00e9ctricos para la integraci\u00f3n del sistema.<br \/>\nTambi\u00e9n se suministra lubricante de grado comestible.<\/p>\n<p>Para obtener un m\u00e1ximo rendimiento, se recomienda usar hilo y piezas Fischbein originales.<\/p>\n","protected":false},"featured_media":2850,"template":"","meta":{"_acf_changed":false},"product_cat":[49,53],"product_tag":[81,83],"class_list":{"0":"post-2991","1":"product","2":"type-product","3":"status-publish","4":"has-post-thumbnail","6":"product_cat-cosedoras","7":"product_cat-maquinas-cosedoras-estacionarias","8":"product_tag-cabezal-de-costura-sencilla","9":"product_tag-modelo-100-2","11":"first","12":"instock","13":"shipping-taxable","14":"product-type-simple"},"acf":[],"_links":{"self":[{"href":"https:\/\/www.mundomaquinasltda.cl\/index.php?rest_route=\/wp\/v2\/product\/2991","targetHints":{"allow":["GET"]}}],"collection":[{"href":"https:\/\/www.mundomaquinasltda.cl\/index.php?rest_route=\/wp\/v2\/product"}],"about":[{"href":"https:\/\/www.mundomaquinasltda.cl\/index.php?rest_route=\/wp\/v2\/types\/product"}],"wp:featuredmedia":[{"embeddable":true,"href":"https:\/\/www.mundomaquinasltda.cl\/index.php?rest_route=\/wp\/v2\/media\/2850"}],"wp:attachment":[{"href":"https:\/\/www.mundomaquinasltda.cl\/index.php?rest_route=%2Fwp%2Fv2%2Fmedia&parent=2991"}],"wp:term":[{"taxonomy":"product_cat","embeddable":true,"href":"https:\/\/www.mundomaquinasltda.cl\/index.php?rest_route=%2Fwp%2Fv2%2Fproduct_cat&post=2991"},{"taxonomy":"product_tag","embeddable":true,"href":"https:\/\/www.mundomaquinasltda.cl\/index.php?rest_route=%2Fwp%2Fv2%2Fproduct_tag&post=2991"}],"curies":[{"name":"wp","href":"https:\/\/api.w.org\/{rel}","templated":true}]}}