{"id":2994,"date":"2024-06-27T17:46:44","date_gmt":"2024-06-27T20:46:44","guid":{"rendered":"https:\/\/www.mundomaquinasltda.cl\/?post_type=product&#038;p=2994"},"modified":"2024-06-27T17:52:59","modified_gmt":"2024-06-27T20:52:59","slug":"cosedora-portatil-modelo-f","status":"publish","type":"product","link":"https:\/\/www.mundomaquinasltda.cl\/?product=cosedora-portatil-modelo-f","title":{"rendered":"Cosedora Port\u00e1til Modelo F"},"content":{"rendered":"","protected":false},"excerpt":{"rendered":"<h3>Cosedora Port\u00e1til Modelo F<\/h3>\n<p>La vers\u00e1til cerradora de bolsas port\u00e1til de la Serie F de Fischbein es la soluci\u00f3n perfecta para aplicaciones de embolsado de peque\u00f1o volumen (de 4 a 8 bolsas por minuto) en diversos sectores, tale como insumos agr\u00edcolas, alimentos, alimentos para mascotas, alimentos balanceados y productos qu\u00edmicos.<\/p>\n<p>La Serie-F satisface las tareas de embolsado m\u00e1s exigentes de manera segura y con gran eficiencia.<\/p>\n<p>Nuestro dise\u00f1o y caracter\u00edsticas est\u00e1ndar de avanzada, tales como lubricaci\u00f3n autom\u00e1tica y prolongada vida \u00fatil de los bujes, hacen de la Serie F la cerradora de bolsas port\u00e1til m\u00e1s fiable del mercado.<\/p>\n<p>Esta cerradora manual, que es a la vez r\u00e1pida, vers\u00e1til y adecuada para trabajos pesados, funciona pr\u00e1cticamente con cualquier tipo de bolsas, incluso las de polipropileno tejido y de papel multicapa.<\/p>\n<p>Las cerradoras manuales port\u00e1tiles Fischbein se presentan en varios modelos que incluyen aplicaciones de costura sencilla y de cinta. Por esto, si necesita una cerradora de bolsas de alta calidad tanto para uso en el campo como en la l\u00ednea, encontrar\u00e1 que la cerradora port\u00e1til Fischbein tiene lo indispensable para que se pueda realizar el trabajo.<\/p>\n","protected":false},"featured_media":2846,"template":"","meta":{"_acf_changed":false},"product_cat":[49,56],"product_tag":[86,87],"class_list":{"0":"post-2994","1":"product","2":"type-product","3":"status-publish","4":"has-post-thumbnail","6":"product_cat-cosedoras","7":"product_cat-maquinas-cosedoras-portatiles","8":"product_tag-cosedora-portatil","9":"product_tag-modelo-f","11":"first","12":"instock","13":"shipping-taxable","14":"product-type-simple"},"acf":[],"_links":{"self":[{"href":"https:\/\/www.mundomaquinasltda.cl\/index.php?rest_route=\/wp\/v2\/product\/2994","targetHints":{"allow":["GET"]}}],"collection":[{"href":"https:\/\/www.mundomaquinasltda.cl\/index.php?rest_route=\/wp\/v2\/product"}],"about":[{"href":"https:\/\/www.mundomaquinasltda.cl\/index.php?rest_route=\/wp\/v2\/types\/product"}],"wp:featuredmedia":[{"embeddable":true,"href":"https:\/\/www.mundomaquinasltda.cl\/index.php?rest_route=\/wp\/v2\/media\/2846"}],"wp:attachment":[{"href":"https:\/\/www.mundomaquinasltda.cl\/index.php?rest_route=%2Fwp%2Fv2%2Fmedia&parent=2994"}],"wp:term":[{"taxonomy":"product_cat","embeddable":true,"href":"https:\/\/www.mundomaquinasltda.cl\/index.php?rest_route=%2Fwp%2Fv2%2Fproduct_cat&post=2994"},{"taxonomy":"product_tag","embeddable":true,"href":"https:\/\/www.mundomaquinasltda.cl\/index.php?rest_route=%2Fwp%2Fv2%2Fproduct_tag&post=2994"}],"curies":[{"name":"wp","href":"https:\/\/api.w.org\/{rel}","templated":true}]}}